{"id":97,"date":"2020-06-05T10:03:48","date_gmt":"2020-06-05T08:03:48","guid":{"rendered":"http:\/\/projekt3.sixsigma-projekt.de\/en\/?page_id=97"},"modified":"2024-10-10T15:58:05","modified_gmt":"2024-10-10T13:58:05","slug":"legal-notice","status":"publish","type":"page","link":"https:\/\/www.sgg-systems.com\/en\/legal-notice\/","title":{"rendered":"Legal notice"},"content":{"rendered":"\t\t<div data-elementor-type=\"wp-page\" data-elementor-id=\"97\" class=\"elementor elementor-97\" data-elementor-settings=\"[]\">\n\t\t\t\t\t\t<div class=\"elementor-inner\">\n\t\t\t\t\t\t\t<div class=\"elementor-section-wrap\">\n\t\t\t\t\t\t\t<section class=\"elementor-section elementor-top-section elementor-element elementor-element-784f835 elementor-section-stretched elementor-section-boxed elementor-section-height-default elementor-section-height-default\" data-id=\"784f835\" data-element_type=\"section\" data-settings=\"{&quot;stretch_section&quot;:&quot;section-stretched&quot;}\">\n\t\t\t\t\t\t<div class=\"elementor-container elementor-column-gap-default\">\n\t\t\t\t\t\t\t<div class=\"elementor-row\">\n\t\t\t\t\t<div class=\"elementor-column elementor-col-100 elementor-top-column elementor-element elementor-element-c4f672c\" data-id=\"c4f672c\" data-element_type=\"column\" data-settings=\"{&quot;background_background&quot;:&quot;classic&quot;}\">\n\t\t\t<div class=\"elementor-column-wrap elementor-element-populated\">\n\t\t\t\t\t\t\t<div class=\"elementor-widget-wrap\">\n\t\t\t\t\t\t<div class=\"elementor-element elementor-element-a1e0703 elementor-widget elementor-widget-heading\" data-id=\"a1e0703\" data-element_type=\"widget\" data-widget_type=\"heading.default\">\n\t\t\t\t<div class=\"elementor-widget-container\">\n\t\t\t<h2 class=\"elementor-heading-title elementor-size-default\">Legal notice<\/h2>\t\t<\/div>\n\t\t\t\t<\/div>\n\t\t\t\t<div class=\"elementor-element elementor-element-ea28ad1 elementor-widget elementor-widget-heading\" data-id=\"ea28ad1\" data-element_type=\"widget\" data-widget_type=\"heading.default\">\n\t\t\t\t<div class=\"elementor-widget-container\">\n\t\t\t<h4 class=\"elementor-heading-title elementor-size-default\">SGG Systems GmbH<\/h4>\t\t<\/div>\n\t\t\t\t<\/div>\n\t\t\t\t<div class=\"elementor-element elementor-element-e609915 elementor-widget elementor-widget-text-editor\" data-id=\"e609915\" data-element_type=\"widget\" data-widget_type=\"text-editor.default\">\n\t\t\t\t<div class=\"elementor-widget-container\">\n\t\t\t\t\t\t\t\t<div class=\"elementor-text-editor elementor-clearfix\">\n\t\t\t\t<p>Carlstra\u00dfe 50 (CMC Geb\u00e4ude)<br \/>D-52531 \u00dcbach-Palenberg<br \/>Telefon: +49 2451 994 870<\/p><p>Email: info@sgg-systems.com<br \/>Internet: www.sgg-systems.com<\/p><p>Vertretungsberechtigte Person<br \/>Dipl.-Ing. Harald Prang, Peter Wiebusch (Gesch\u00e4ftsf\u00fchrer)<\/p><p>Handelsregister W\u00fcrzburg HRB 9699<br \/>USt- ID: DE 258116991<\/p><p>Copyright<br \/>The copyright for published, self-created objects remains solely with the author of the pages. Reproduction or use of such graphics, sound documents, video sequences and texts in other electronic or printed publications is not permitted without the express consent of the responsible persons. liability notice Despite careful content control, we assume no liability for the content of external links. The content of the linked pages are the sole responsibility of their operators.<\/p>\t\t\t\t\t<\/div>\n\t\t\t\t\t\t<\/div>\n\t\t\t\t<\/div>\n\t\t\t\t\t\t<\/div>\n\t\t\t\t\t<\/div>\n\t\t<\/div>\n\t\t\t\t\t\t\t\t<\/div>\n\t\t\t\t\t<\/div>\n\t\t<\/section>\n\t\t\t\t<section class=\"elementor-section elementor-top-section elementor-element elementor-element-331bd7f elementor-section-stretched elementor-section-boxed elementor-section-height-default elementor-section-height-default\" data-id=\"331bd7f\" data-element_type=\"section\" data-settings=\"{&quot;stretch_section&quot;:&quot;section-stretched&quot;}\">\n\t\t\t\t\t\t<div class=\"elementor-container elementor-column-gap-default\">\n\t\t\t\t\t\t\t<div class=\"elementor-row\">\n\t\t\t\t\t\t\t\t\t<\/div>\n\t\t\t\t\t<\/div>\n\t\t<\/section>\n\t\t\t\t\t\t<\/div>\n\t\t\t\t\t\t<\/div>\n\t\t\t\t\t<\/div>\n\t\t","protected":false},"excerpt":{"rendered":"<p>Legal notice SGG Systems GmbH Carlstra\u00dfe 50 (CMC Geb\u00e4ude)D-52531 \u00dcbach-PalenbergTelefon: +49 2451 994 870 Email: info@sgg-systems.comInternet: www.sgg-systems.com Vertretungsberechtigte PersonDipl.-Ing. Harald Prang, Peter Wiebusch (Gesch\u00e4ftsf\u00fchrer) Handelsregister W\u00fcrzburg HRB 9699USt- ID: DE 258116991 CopyrightThe copyright for published, self-created objects remains solely with the author of the pages. Reproduction or use of such graphics, sound documents, video sequences&hellip;<\/p>\n","protected":false},"author":1,"featured_media":0,"parent":0,"menu_order":0,"comment_status":"closed","ping_status":"closed","template":"","meta":[],"class_list":["post-97","page","type-page","status-publish","hentry","description-off"],"_links":{"self":[{"href":"https:\/\/www.sgg-systems.com\/en\/wp-json\/wp\/v2\/pages\/97"}],"collection":[{"href":"https:\/\/www.sgg-systems.com\/en\/wp-json\/wp\/v2\/pages"}],"about":[{"href":"https:\/\/www.sgg-systems.com\/en\/wp-json\/wp\/v2\/types\/page"}],"author":[{"embeddable":true,"href":"https:\/\/www.sgg-systems.com\/en\/wp-json\/wp\/v2\/users\/1"}],"replies":[{"embeddable":true,"href":"https:\/\/www.sgg-systems.com\/en\/wp-json\/wp\/v2\/comments?post=97"}],"version-history":[{"count":15,"href":"https:\/\/www.sgg-systems.com\/en\/wp-json\/wp\/v2\/pages\/97\/revisions"}],"predecessor-version":[{"id":260,"href":"https:\/\/www.sgg-systems.com\/en\/wp-json\/wp\/v2\/pages\/97\/revisions\/260"}],"wp:attachment":[{"href":"https:\/\/www.sgg-systems.com\/en\/wp-json\/wp\/v2\/media?parent=97"}],"curies":[{"name":"wp","href":"https:\/\/api.w.org\/{rel}","templated":true}]}}