{"id":100,"date":"2020-06-05T10:08:07","date_gmt":"2020-06-05T08:08:07","guid":{"rendered":"http:\/\/projekt3.sixsigma-projekt.de\/en\/?page_id=100"},"modified":"2020-06-25T15:32:26","modified_gmt":"2020-06-25T13:32:26","slug":"privacy-statement","status":"publish","type":"page","link":"https:\/\/www.sgg-systems.com\/en\/privacy-statement\/","title":{"rendered":"Privacy Statement"},"content":{"rendered":"\t\t<div data-elementor-type=\"wp-page\" data-elementor-id=\"100\" class=\"elementor elementor-100\" data-elementor-settings=\"[]\">\n\t\t\t\t\t\t<div class=\"elementor-inner\">\n\t\t\t\t\t\t\t<div class=\"elementor-section-wrap\">\n\t\t\t\t\t\t\t<section class=\"elementor-section elementor-top-section elementor-element elementor-element-784f835 elementor-section-stretched elementor-section-boxed elementor-section-height-default elementor-section-height-default\" data-id=\"784f835\" data-element_type=\"section\" data-settings=\"{&quot;stretch_section&quot;:&quot;section-stretched&quot;}\">\n\t\t\t\t\t\t<div class=\"elementor-container elementor-column-gap-default\">\n\t\t\t\t\t\t\t<div class=\"elementor-row\">\n\t\t\t\t\t<div class=\"elementor-column elementor-col-100 elementor-top-column elementor-element elementor-element-c4f672c\" data-id=\"c4f672c\" data-element_type=\"column\" data-settings=\"{&quot;background_background&quot;:&quot;classic&quot;}\">\n\t\t\t<div class=\"elementor-column-wrap elementor-element-populated\">\n\t\t\t\t\t\t\t<div class=\"elementor-widget-wrap\">\n\t\t\t\t\t\t<div class=\"elementor-element elementor-element-a1e0703 elementor-widget elementor-widget-heading\" data-id=\"a1e0703\" data-element_type=\"widget\" data-widget_type=\"heading.default\">\n\t\t\t\t<div class=\"elementor-widget-container\">\n\t\t\t<h2 class=\"elementor-heading-title elementor-size-default\">Datenschutzerkl\u00e4rung<\/h2>\t\t<\/div>\n\t\t\t\t<\/div>\n\t\t\t\t<div class=\"elementor-element elementor-element-ea28ad1 elementor-widget elementor-widget-heading\" data-id=\"ea28ad1\" data-element_type=\"widget\" data-widget_type=\"heading.default\">\n\t\t\t\t<div class=\"elementor-widget-container\">\n\t\t\t<h4 class=\"elementor-heading-title elementor-size-default\">SGG Systems GmbH<\/h4>\t\t<\/div>\n\t\t\t\t<\/div>\n\t\t\t\t<div class=\"elementor-element elementor-element-e609915 elementor-widget elementor-widget-text-editor\" data-id=\"e609915\" data-element_type=\"widget\" data-widget_type=\"text-editor.default\">\n\t\t\t\t<div class=\"elementor-widget-container\">\n\t\t\t\t\t\t\t\t<div class=\"elementor-text-editor elementor-clearfix\">\n\t\t\t\t<p>Herzlich willkommen auf unserer Webseite. Auf dieser Unterseite erhalten Sie Informationen dazu, in welcher Weise wir Ihre personenbezogenen Daten verarbeiten, soweit Sie diese Webseite besuchen.<\/p><p>\u00a0<\/p><p><strong>1. Name und Anschrift des f\u00fcr die Verarbeitung Verantwortlichen<\/strong><\/p><p>Diese Webseite wird von der SGG Systems \u00a0(hier auch: \u201e<strong>SGGS GmbH<\/strong>\u201c oder \u201e<strong>wir<\/strong>\u201c), betrieben, die auch f\u00fcr etwaige mit dem Besuch verbundene Datenverarbeitungsvorg\u00e4nge allein verantwortlich ist, soweit dies nachfolgend nicht anders angegeben ist.<\/p><p>Sie erreichen uns unter folgenden Kontaktdaten:<\/p><p>Carlstra\u00dfe 50 (CMC Geb\u00e4ude<br \/>D-52531 \u00dcbach-Palenberg<\/p><p>Tel.: + 49 2451 932 4841<\/p><p>E-Mail: info@sgg-systems.com<\/p><p><strong>2. Besuch der Webseite<\/strong><\/p><p>Mit jedem Besuch unserer Webseite ist technisch unvermeidlich die Erhebung bestimmter, vorwiegend bestimmter technischer Informationen verbunden, die allerdings von der Rechtsprechung unter Umst\u00e4nden als personenbezogen eingestuft werden. Dazu z\u00e4hlen IP-Adresse, Ger\u00e4te-Identifikation, Browser-Merkmale, Betriebssystemdetails, Spracheinstellungen, verweisende URLs, Dauer der Besuche und angezeigte Seiten.<\/p><p>Bei der Nutzung dieser Informationen ziehen wir keine R\u00fcckschl\u00fcsse auf Sie. Diese Informationen werden allerdings dazu ben\u00f6tigt, um die Inhalte unserer Internetseite korrekt auszuliefern sowie um Strafverfolgungsbeh\u00f6rden im Falle eines Cyberangriffes die zur Strafverfolgung notwendigen Informationen bereitzustellen.<\/p><p>Weitergehende statistische Auswertungen dieser Daten erfolgen ggf. nur, nachdem jedweder Personenbezug entfernt wurde.<\/p><p>Unsere Berechtigung zu der vorgenannten Datenverarbeitung ergibt sich zum einen aus unserem berechtigten Interesse, einen Internetauftritt zu betreiben (Art. 6 Abs.\u00a01 lit.\u00a0f der Datenschutz-Grundverordnung). Im Hinblick auf die Nutzung von Daten zur Bereitstellung von Daten f\u00fcr Strafverfolgungsbeh\u00f6rden beruht die Berechtigung darauf, dass wir bei einem Cyberangriff dazu verpflichtet sind, Informationen an Strafverfolgungsbeh\u00f6rden bereitzustellen (Art. 6 Abs.\u00a01 lit.\u00a0c der Datenschutz-Grundverordnung).<\/p><p>Eine Weitergabe der Daten an andere Empf\u00e4nger erfolgt nur an unseren Hosting-Dienstleister, der die Internetseite in unserem Auftrag hostet.<\/p><p>Die obigen personenbezogen Daten planen wir f\u00fcr die Dauer von\u00a0<strong>7 Tagen\u00a0<\/strong>aufzubewahren und danach zu l\u00f6schen.<\/p><p>Eine \u00dcbermittlung in Drittl\u00e4nder au\u00dferhalb des Europ\u00e4ischen Wirtschaftsraumes ist nicht beabsichtigt.<\/p><p><strong>3. Kontaktformular<\/strong><\/p><p>Wir bieten Ihnen ein Kontaktformular, um mit uns auf freiwilliger Basis in Kontakt zu treten. Die Nutzung des Kontaktformulars ist f\u00fcr die Nutzung unserer \u00fcbrigen Webseite nicht erforderlich. Soweit Sie unser Kontaktformular nutzen, erheben wir Ihren Namen(*), Ihre Firma(*), Ihre Anschrift(*), Ihre Telefonnummer(*), Ihre E-Mail-Adresse(*) und den Inhalt der Nachricht. Bei den mit (*) gekennzeichneten Angaben handelt es sich um Pflichtfelder, d.h. ein Absenden der Anfrage ist ohne diese Angaben nicht m\u00f6glich. Wir nutzen diese Daten, um zu verifizieren, ob es sich um eine authentische Anfrage handelt, und um Ihre Anfrage zu beantworten. Mit der Verarbeitung der Daten verfolgen wir das berechtigte Interesse, Ihre Anfragen zu beantworten (Art. 6 Abs.\u00a01 lit.\u00a0f der Datenschutz-Grundverordnung). Zudem sind wir zur Aufbewahrung aufgrund handels- und steuerrechtlicher Vorschriften verpflichtet (Art. 6 Abs.\u00a01 lit.\u00a0c der Datenschutz-Grundverordnung).<\/p><p>Eine Weitergabe der Daten erfolgt an unseren Hosting-Dienstleister, der die Internetseite in unserem Auftrag hostet. Eine Weitergabe an andere Empf\u00e4nger erfolgt nicht.<\/p><p>Die oben genannten Daten planen wir f\u00fcr einen Zeitraum von 10 Jahren aufzubewahren und danach zu l\u00f6schen.<\/p><p>Eine \u00dcbermittlung in Drittl\u00e4nder au\u00dferhalb des Europ\u00e4ischen Wirtschaftsraumes ist nicht beabsichtigt.<\/p><p><strong>4. Ihre Rechte<\/strong><\/p><p>Nach den Regelungen der Artt.\u00a015-20 der Datenschutz-Grundverordnung haben Sie das Recht, von uns Auskunft \u00fcber die \u00fcber Sie gespeicherten personenbezogenen Daten zu verlangen. Weiterhin haben Sie das Recht, eine Berichtigung, eine L\u00f6schung oder eine Einschr\u00e4nkung der Verarbeitung der \u00fcber Sie gespeicherten personenbezogenen Daten zu verlangen.<\/p><p>Bez\u00fcglich der Verarbeitung Ihrer personenbezogenen Daten aufgrund unserer berechtigten Interessen haben Sie das Recht, aus Gr\u00fcnden, die sich aus Ihrer pers\u00f6nlichen Situation ergeben, jederzeit gegen die Verarbeitung Ihrer personenbezogenen Daten Widerspruch einzulegen (Art.\u00a021 Datenschutz-Grundverordnung).<\/p><p>Soweit die Verarbeitung mit Ihrer Einwilligung geschieht, haben Sie das Recht, die Einwilligung jederzeit zu widerrufen. Durch den Widerruf wird die Rechtm\u00e4\u00dfigkeit der aufgrund der Einwilligung bis zum Widerruf erfolgten Verarbeitung nicht ber\u00fchrt.<\/p><p>Dar\u00fcber hinaus haben Sie das Recht, Beschwerde bei der Aufsichtsbeh\u00f6rde zu erheben, wenn Sie der Auffassung sind, dass die Verarbeitung Ihrer personenbezogenen Daten gegen geltendes Datenschutzrecht verst\u00f6\u00dft.<\/p>\t\t\t\t\t<\/div>\n\t\t\t\t\t\t<\/div>\n\t\t\t\t<\/div>\n\t\t\t\t\t\t<\/div>\n\t\t\t\t\t<\/div>\n\t\t<\/div>\n\t\t\t\t\t\t\t\t<\/div>\n\t\t\t\t\t<\/div>\n\t\t<\/section>\n\t\t\t\t<section class=\"elementor-section elementor-top-section elementor-element elementor-element-331bd7f elementor-section-stretched elementor-section-boxed elementor-section-height-default elementor-section-height-default\" data-id=\"331bd7f\" data-element_type=\"section\" data-settings=\"{&quot;stretch_section&quot;:&quot;section-stretched&quot;}\">\n\t\t\t\t\t\t<div class=\"elementor-container elementor-column-gap-default\">\n\t\t\t\t\t\t\t<div class=\"elementor-row\">\n\t\t\t\t\t\t\t\t\t<\/div>\n\t\t\t\t\t<\/div>\n\t\t<\/section>\n\t\t\t\t\t\t<\/div>\n\t\t\t\t\t\t<\/div>\n\t\t\t\t\t<\/div>\n\t\t","protected":false},"excerpt":{"rendered":"<p>Datenschutzerkl\u00e4rung SGG Systems GmbH Herzlich willkommen auf unserer Webseite. Auf dieser Unterseite erhalten Sie Informationen dazu, in welcher Weise wir Ihre personenbezogenen Daten verarbeiten, soweit Sie diese Webseite besuchen. \u00a0 1. Name und Anschrift des f\u00fcr die Verarbeitung Verantwortlichen Diese Webseite wird von der SGG Systems \u00a0(hier auch: \u201eSGGS GmbH\u201c oder \u201ewir\u201c), betrieben, die auch&hellip;<\/p>\n","protected":false},"author":1,"featured_media":0,"parent":0,"menu_order":0,"comment_status":"closed","ping_status":"closed","template":"","meta":[],"class_list":["post-100","page","type-page","status-publish","hentry","description-off"],"_links":{"self":[{"href":"https:\/\/www.sgg-systems.com\/en\/wp-json\/wp\/v2\/pages\/100"}],"collection":[{"href":"https:\/\/www.sgg-systems.com\/en\/wp-json\/wp\/v2\/pages"}],"about":[{"href":"https:\/\/www.sgg-systems.com\/en\/wp-json\/wp\/v2\/types\/page"}],"author":[{"embeddable":true,"href":"https:\/\/www.sgg-systems.com\/en\/wp-json\/wp\/v2\/users\/1"}],"replies":[{"embeddable":true,"href":"https:\/\/www.sgg-systems.com\/en\/wp-json\/wp\/v2\/comments?post=100"}],"version-history":[{"count":4,"href":"https:\/\/www.sgg-systems.com\/en\/wp-json\/wp\/v2\/pages\/100\/revisions"}],"predecessor-version":[{"id":206,"href":"https:\/\/www.sgg-systems.com\/en\/wp-json\/wp\/v2\/pages\/100\/revisions\/206"}],"wp:attachment":[{"href":"https:\/\/www.sgg-systems.com\/en\/wp-json\/wp\/v2\/media?parent=100"}],"curies":[{"name":"wp","href":"https:\/\/api.w.org\/{rel}","templated":true}]}}